{"id":526,"date":"2022-02-20T19:59:26","date_gmt":"2022-02-20T19:59:26","guid":{"rendered":"https:\/\/colegioboston.com.ar\/lincoln\/?page_id=526"},"modified":"2025-02-04T13:14:45","modified_gmt":"2025-02-04T13:14:45","slug":"profesores-adscriptos-en-la-zona-2","status":"publish","type":"page","link":"https:\/\/colegioboston.com.ar\/lincoln\/profesores-adscriptos-en-la-zona-2\/","title":{"rendered":"Profesores Adscriptos"},"content":{"rendered":"\n<figure class=\"wp-block-pullquote has-navy-blue-color has-white-background-color has-text-color has-background\"><blockquote><p>AMEGHINO<br>Profesora: Gabriela Roveda.<br>Direcci\u00f3n: Calle 18 Nro 221.<br>Tel\u00e9fono: 2355411808<\/p><\/blockquote><\/figure>\n\n\n\n<figure class=\"wp-block-pullquote has-red-color has-text-color\"><blockquote><p>CARLOS CASARES<br>Profesora: Adriana Estap\u00e9<br>Direcci\u00f3n: Maip\u00fa Nro 107<br>Tel\u00e9fono: 2396-520481<\/p><\/blockquote><\/figure>\n\n\n\n<figure class=\"wp-block-pullquote has-navy-blue-color has-text-color\"><blockquote><p>CORONEL GRANADA<br>Profesora: Aurelia Money<br>Direcci\u00f3n: Pueblos Originarios Nro 230<br>Tel\u00e9fono: 2355-442348<\/p><\/blockquote><\/figure>\n\n\n\n<figure class=\"wp-block-pullquote has-red-color has-text-color\"><blockquote><p>GENERAL PINTO<br>Profesora: Bibi G\u00f3mez<br>Direcci\u00f3n: Av Mitre Nro 944<br>Tel\u00e9fono: 2355-463390<\/p><\/blockquote><\/figure>\n","protected":false},"excerpt":{"rendered":"<p>AMEGHINOProfesora: Gabriela Roveda.Direcci\u00f3n: Calle 18 Nro 221.Tel\u00e9fono: 2355411808 CARLOS CASARESProfesora: Adriana Estap\u00e9Direcci\u00f3n: Maip\u00fa Nro 107Tel\u00e9fono: 2396-520481 CORONEL GRANADAProfesora: Aurelia MoneyDirecci\u00f3n: Pueblos Originarios Nro 230Tel\u00e9fono: 2355-442348 GENERAL PINTOProfesora: Bibi G\u00f3mezDirecci\u00f3n: Av Mitre Nro 944Tel\u00e9fono: 2355-463390<\/p>\n","protected":false},"author":2,"featured_media":0,"parent":0,"menu_order":0,"comment_status":"closed","ping_status":"closed","template":"","meta":{"footnotes":""},"class_list":["post-526","page","type-page","status-publish","hentry"],"_links":{"self":[{"href":"https:\/\/colegioboston.com.ar\/lincoln\/wp-json\/wp\/v2\/pages\/526","targetHints":{"allow":["GET"]}}],"collection":[{"href":"https:\/\/colegioboston.com.ar\/lincoln\/wp-json\/wp\/v2\/pages"}],"about":[{"href":"https:\/\/colegioboston.com.ar\/lincoln\/wp-json\/wp\/v2\/types\/page"}],"author":[{"embeddable":true,"href":"https:\/\/colegioboston.com.ar\/lincoln\/wp-json\/wp\/v2\/users\/2"}],"replies":[{"embeddable":true,"href":"https:\/\/colegioboston.com.ar\/lincoln\/wp-json\/wp\/v2\/comments?post=526"}],"version-history":[{"count":3,"href":"https:\/\/colegioboston.com.ar\/lincoln\/wp-json\/wp\/v2\/pages\/526\/revisions"}],"predecessor-version":[{"id":602,"href":"https:\/\/colegioboston.com.ar\/lincoln\/wp-json\/wp\/v2\/pages\/526\/revisions\/602"}],"wp:attachment":[{"href":"https:\/\/colegioboston.com.ar\/lincoln\/wp-json\/wp\/v2\/media?parent=526"}],"curies":[{"name":"wp","href":"https:\/\/api.w.org\/{rel}","templated":true}]}}