{"id":400,"date":"2021-02-24T17:58:26","date_gmt":"2021-02-24T20:58:26","guid":{"rendered":"https:\/\/colegioboston.com.ar\/?page_id=400"},"modified":"2025-02-04T13:26:31","modified_gmt":"2025-02-04T13:26:31","slug":"material-libros-2025","status":"publish","type":"page","link":"https:\/\/colegioboston.com.ar\/lincoln\/material-libros-2025\/","title":{"rendered":"Material \/ Libros 2025"},"content":{"rendered":"\n<p>En esta p\u00e1gina podr\u00e1n encontrar la informaci\u00f3n referida al material y libros que se van a utilizar en los cursos de este a\u00f1o.<\/p>\n\n\n\n<h4 class=\"wp-block-heading\" id=\"1st-children\">1st CHILDREN<\/h4>\n\n\n\n<p>Rise and Shine 1 &#8211; Student\u2019s book<\/p>\n\n\n\n<figure class=\"wp-block-image size-full is-resized\"><a href=\"https:\/\/colegioboston.com.ar\/lincoln\/wp-content\/uploads\/2025\/02\/RISE-AND-SHINE-1.jpg\"><img loading=\"lazy\" decoding=\"async\" width=\"381\" height=\"500\" src=\"https:\/\/colegioboston.com.ar\/lincoln\/wp-content\/uploads\/2025\/02\/RISE-AND-SHINE-1.jpg\" alt=\"\" class=\"wp-image-604\" style=\"object-fit:contain;width:180px;height:256px\" srcset=\"https:\/\/colegioboston.com.ar\/lincoln\/wp-content\/uploads\/2025\/02\/RISE-AND-SHINE-1.jpg 381w, https:\/\/colegioboston.com.ar\/lincoln\/wp-content\/uploads\/2025\/02\/RISE-AND-SHINE-1-229x300.jpg 229w\" sizes=\"auto, (max-width: 381px) 100vw, 381px\" \/><\/a><\/figure>\n\n\n\n<h4 class=\"wp-block-heading\" id=\"2nd-children\">2nd CHILDREN<\/h4>\n\n\n\n<p>Rise and Shine 2 &#8211; Student\u2019s book<\/p>\n\n\n\n<figure class=\"wp-block-image size-full is-resized\"><a href=\"https:\/\/colegioboston.com.ar\/lincoln\/wp-content\/uploads\/2025\/02\/RISE-AND-SHINE-2.jpg\"><img loading=\"lazy\" decoding=\"async\" width=\"383\" height=\"500\" src=\"https:\/\/colegioboston.com.ar\/lincoln\/wp-content\/uploads\/2025\/02\/RISE-AND-SHINE-2.jpg\" alt=\"\" class=\"wp-image-605\" style=\"object-fit:contain;width:180px;height:256px\" srcset=\"https:\/\/colegioboston.com.ar\/lincoln\/wp-content\/uploads\/2025\/02\/RISE-AND-SHINE-2.jpg 383w, https:\/\/colegioboston.com.ar\/lincoln\/wp-content\/uploads\/2025\/02\/RISE-AND-SHINE-2-230x300.jpg 230w\" sizes=\"auto, (max-width: 383px) 100vw, 383px\" \/><\/a><\/figure>\n\n\n\n<h4 class=\"wp-block-heading\" id=\"3rd-children\">3rd CHILDREN<\/h4>\n\n\n\n<p>Rise and Shine 3 &#8211; Student\u2019s book<\/p>\n\n\n\n<figure class=\"wp-block-image size-full is-resized\"><a href=\"https:\/\/colegioboston.com.ar\/lincoln\/wp-content\/uploads\/2025\/02\/RISE-AND-SHINE-3.jpg\"><img loading=\"lazy\" decoding=\"async\" width=\"384\" height=\"500\" src=\"https:\/\/colegioboston.com.ar\/lincoln\/wp-content\/uploads\/2025\/02\/RISE-AND-SHINE-3.jpg\" alt=\"\" class=\"wp-image-606\" style=\"object-fit:contain;width:180px;height:256px\" srcset=\"https:\/\/colegioboston.com.ar\/lincoln\/wp-content\/uploads\/2025\/02\/RISE-AND-SHINE-3.jpg 384w, https:\/\/colegioboston.com.ar\/lincoln\/wp-content\/uploads\/2025\/02\/RISE-AND-SHINE-3-230x300.jpg 230w\" sizes=\"auto, (max-width: 384px) 100vw, 384px\" \/><\/a><\/figure>\n\n\n\n<h4 class=\"wp-block-heading\">Preparatory<\/h4>\n\n\n\n<p>Stars and Heroes 1 &#8211; Student\u2019s book<\/p>\n\n\n\n<figure class=\"wp-block-image size-full\"><a href=\"https:\/\/colegioboston.com.ar\/lincoln\/wp-content\/uploads\/2025\/02\/prep-9.jpg\"><img loading=\"lazy\" decoding=\"async\" width=\"175\" height=\"238\" src=\"https:\/\/colegioboston.com.ar\/lincoln\/wp-content\/uploads\/2025\/02\/prep-9.jpg\" alt=\"\" class=\"wp-image-607\"\/><\/a><\/figure>\n\n\n\n<h4 class=\"wp-block-heading\" id=\"4th-children\">4th CHILDREN<\/h4>\n\n\n\n<p>GoGetter 2 Student&#8217;s Book<\/p>\n\n\n\n<figure class=\"wp-block-image size-large is-resized\"><a href=\"http:\/\/colegioboston.com.ar\/lincoln\/wp-content\/uploads\/2021\/03\/cq5dam.web_.1600.9600.png\"><img loading=\"lazy\" decoding=\"async\" width=\"720\" height=\"1024\" src=\"http:\/\/colegioboston.com.ar\/lincoln\/wp-content\/uploads\/2021\/03\/cq5dam.web_.1600.9600-720x1024.png\" alt=\"\" class=\"wp-image-421\" style=\"width:180px;height:256px\" srcset=\"https:\/\/colegioboston.com.ar\/lincoln\/wp-content\/uploads\/2021\/03\/cq5dam.web_.1600.9600-720x1024.png 720w, https:\/\/colegioboston.com.ar\/lincoln\/wp-content\/uploads\/2021\/03\/cq5dam.web_.1600.9600-211x300.png 211w, https:\/\/colegioboston.com.ar\/lincoln\/wp-content\/uploads\/2021\/03\/cq5dam.web_.1600.9600-768x1092.png 768w, https:\/\/colegioboston.com.ar\/lincoln\/wp-content\/uploads\/2021\/03\/cq5dam.web_.1600.9600.png 900w\" sizes=\"auto, (max-width: 720px) 100vw, 720px\" \/><\/a><\/figure>\n\n\n\n<h4 class=\"wp-block-heading\" id=\"4th-elementary\">4th ELEMENTARY<\/h4>\n\n\n\n<p>GoGetter 3 Student&#8217;s Book<\/p>\n\n\n\n<figure class=\"wp-block-image size-large is-resized\"><a href=\"http:\/\/colegioboston.com.ar\/lincoln\/wp-content\/uploads\/2021\/03\/cq5dam.web_.1600.9600-1.png\"><img loading=\"lazy\" decoding=\"async\" width=\"715\" height=\"1024\" src=\"http:\/\/colegioboston.com.ar\/lincoln\/wp-content\/uploads\/2021\/03\/cq5dam.web_.1600.9600-1-715x1024.png\" alt=\"\" class=\"wp-image-422\" style=\"width:180px;height:256px\" srcset=\"https:\/\/colegioboston.com.ar\/lincoln\/wp-content\/uploads\/2021\/03\/cq5dam.web_.1600.9600-1-715x1024.png 715w, https:\/\/colegioboston.com.ar\/lincoln\/wp-content\/uploads\/2021\/03\/cq5dam.web_.1600.9600-1-210x300.png 210w, https:\/\/colegioboston.com.ar\/lincoln\/wp-content\/uploads\/2021\/03\/cq5dam.web_.1600.9600-1-768x1100.png 768w, https:\/\/colegioboston.com.ar\/lincoln\/wp-content\/uploads\/2021\/03\/cq5dam.web_.1600.9600-1.png 894w\" sizes=\"auto, (max-width: 715px) 100vw, 715px\" \/><\/a><\/figure>\n\n\n\n<h4 class=\"wp-block-heading\" id=\"5th-elementary\">5th ELEMENTARY<\/h4>\n\n\n\n<p>GoGetter 4 Student&#8217;s Book<\/p>\n\n\n\n<figure class=\"wp-block-image size-full is-resized\"><a href=\"https:\/\/colegioboston.com.ar\/lincoln\/wp-content\/uploads\/2022\/02\/GG-4.jpg\"><img loading=\"lazy\" decoding=\"async\" width=\"350\" height=\"500\" src=\"https:\/\/colegioboston.com.ar\/lincoln\/wp-content\/uploads\/2022\/02\/GG-4.jpg\" alt=\"\" class=\"wp-image-488\" style=\"width:180px;height:256px\" srcset=\"https:\/\/colegioboston.com.ar\/lincoln\/wp-content\/uploads\/2022\/02\/GG-4.jpg 350w, https:\/\/colegioboston.com.ar\/lincoln\/wp-content\/uploads\/2022\/02\/GG-4-210x300.jpg 210w\" sizes=\"auto, (max-width: 350px) 100vw, 350px\" \/><\/a><\/figure>\n\n\n\n<h4 class=\"wp-block-heading\" id=\"1st-intermediate\">1st INTERMEDIATE<\/h4>\n\n\n\n<p>Focus 3 Student&#8217;s Book<\/p>\n\n\n\n<figure class=\"wp-block-image size-full is-resized\"><a href=\"https:\/\/colegioboston.com.ar\/lincoln\/wp-content\/uploads\/2022\/02\/FOCUS3.jpg\"><img loading=\"lazy\" decoding=\"async\" width=\"353\" height=\"500\" src=\"https:\/\/colegioboston.com.ar\/lincoln\/wp-content\/uploads\/2022\/02\/FOCUS3.jpg\" alt=\"\" class=\"wp-image-489\" style=\"width:180px;height:256px\" srcset=\"https:\/\/colegioboston.com.ar\/lincoln\/wp-content\/uploads\/2022\/02\/FOCUS3.jpg 353w, https:\/\/colegioboston.com.ar\/lincoln\/wp-content\/uploads\/2022\/02\/FOCUS3-212x300.jpg 212w\" sizes=\"auto, (max-width: 353px) 100vw, 353px\" \/><\/a><\/figure>\n\n\n\n<h4 class=\"wp-block-heading\" id=\"2nd-intermediate\">2nd INTERMEDIATE<\/h4>\n\n\n\n<p>Focus 4 Student&#8217;s Book<\/p>\n\n\n\n<figure class=\"wp-block-image size-full is-resized\"><a href=\"https:\/\/colegioboston.com.ar\/lincoln\/wp-content\/uploads\/2022\/02\/FOCUS4.jpg\"><img loading=\"lazy\" decoding=\"async\" width=\"353\" height=\"499\" src=\"https:\/\/colegioboston.com.ar\/lincoln\/wp-content\/uploads\/2022\/02\/FOCUS4.jpg\" alt=\"\" class=\"wp-image-490\" style=\"width:180px;height:256px\" srcset=\"https:\/\/colegioboston.com.ar\/lincoln\/wp-content\/uploads\/2022\/02\/FOCUS4.jpg 353w, https:\/\/colegioboston.com.ar\/lincoln\/wp-content\/uploads\/2022\/02\/FOCUS4-212x300.jpg 212w\" sizes=\"auto, (max-width: 353px) 100vw, 353px\" \/><\/a><\/figure>\n\n\n\n<h4 class=\"wp-block-heading\" id=\"superior\">SUPERIOR<\/h4>\n\n\n\n<p>Focus 5 Student&#8217;s Book (despu\u00e9s de las vacaciones de invierno)<\/p>\n\n\n\n<figure class=\"wp-block-image size-full is-resized\"><a href=\"https:\/\/colegioboston.com.ar\/lincoln\/wp-content\/uploads\/2022\/02\/FOCUS5.jpg\"><img loading=\"lazy\" decoding=\"async\" width=\"352\" height=\"500\" src=\"https:\/\/colegioboston.com.ar\/lincoln\/wp-content\/uploads\/2022\/02\/FOCUS5.jpg\" alt=\"\" class=\"wp-image-491\" style=\"width:180px;height:256px\" srcset=\"https:\/\/colegioboston.com.ar\/lincoln\/wp-content\/uploads\/2022\/02\/FOCUS5.jpg 352w, https:\/\/colegioboston.com.ar\/lincoln\/wp-content\/uploads\/2022\/02\/FOCUS5-211x300.jpg 211w\" sizes=\"auto, (max-width: 352px) 100vw, 352px\" \/><\/a><\/figure>\n\n\n\n<h4 class=\"wp-block-heading\" id=\"fce\">FCE<\/h4>\n\n\n\n<p>Focus 5 Student&#8217;s Book<\/p>\n\n\n\n<figure class=\"wp-block-image size-full is-resized\"><a href=\"https:\/\/colegioboston.com.ar\/lincoln\/wp-content\/uploads\/2022\/02\/FOCUS5-1.jpg\"><img loading=\"lazy\" decoding=\"async\" width=\"352\" height=\"500\" src=\"https:\/\/colegioboston.com.ar\/lincoln\/wp-content\/uploads\/2022\/02\/FOCUS5-1.jpg\" alt=\"\" class=\"wp-image-492\" style=\"width:180px;height:256px\" srcset=\"https:\/\/colegioboston.com.ar\/lincoln\/wp-content\/uploads\/2022\/02\/FOCUS5-1.jpg 352w, https:\/\/colegioboston.com.ar\/lincoln\/wp-content\/uploads\/2022\/02\/FOCUS5-1-211x300.jpg 211w\" sizes=\"auto, (max-width: 352px) 100vw, 352px\" \/><\/a><\/figure>\n","protected":false},"excerpt":{"rendered":"<p>En esta p\u00e1gina podr\u00e1n encontrar la informaci\u00f3n referida al material y libros que se van a utilizar en los cursos de este a\u00f1o. 1st CHILDREN Rise and Shine 1 &#8211; Student\u2019s book 2nd CHILDREN Rise and Shine 2 &#8211; Student\u2019s book 3rd CHILDREN Rise and Shine 3 &#8211; Student\u2019s book Preparatory Stars and Heroes 1 [&hellip;]<\/p>\n","protected":false},"author":2,"featured_media":0,"parent":0,"menu_order":0,"comment_status":"closed","ping_status":"closed","template":"","meta":{"footnotes":""},"class_list":["post-400","page","type-page","status-publish","hentry"],"_links":{"self":[{"href":"https:\/\/colegioboston.com.ar\/lincoln\/wp-json\/wp\/v2\/pages\/400","targetHints":{"allow":["GET"]}}],"collection":[{"href":"https:\/\/colegioboston.com.ar\/lincoln\/wp-json\/wp\/v2\/pages"}],"about":[{"href":"https:\/\/colegioboston.com.ar\/lincoln\/wp-json\/wp\/v2\/types\/page"}],"author":[{"embeddable":true,"href":"https:\/\/colegioboston.com.ar\/lincoln\/wp-json\/wp\/v2\/users\/2"}],"replies":[{"embeddable":true,"href":"https:\/\/colegioboston.com.ar\/lincoln\/wp-json\/wp\/v2\/comments?post=400"}],"version-history":[{"count":5,"href":"https:\/\/colegioboston.com.ar\/lincoln\/wp-json\/wp\/v2\/pages\/400\/revisions"}],"predecessor-version":[{"id":614,"href":"https:\/\/colegioboston.com.ar\/lincoln\/wp-json\/wp\/v2\/pages\/400\/revisions\/614"}],"wp:attachment":[{"href":"https:\/\/colegioboston.com.ar\/lincoln\/wp-json\/wp\/v2\/media?parent=400"}],"curies":[{"name":"wp","href":"https:\/\/api.w.org\/{rel}","templated":true}]}}