{"id":32,"date":"2021-01-26T19:24:57","date_gmt":"2021-01-26T19:24:57","guid":{"rendered":"http:\/\/localhost\/boston\/?page_id=32"},"modified":"2022-04-12T16:57:57","modified_gmt":"2022-04-12T16:57:57","slug":"contacto","status":"publish","type":"page","link":"https:\/\/colegioboston.com.ar\/lincoln\/contacto\/","title":{"rendered":"Contacto"},"content":{"rendered":"\n<h3 class=\"wp-block-heading\" id=\"atencion-de-secretaria\">Atenci\u00f3n de secretar\u00eda<\/h3>\n\n\n\n<p>Atenci\u00f3n presencial: de lunes a viernes de 9:30 a 12 hs y de 15 a 20 hs.<\/p>\n\n\n\n<p>Por cualquier duda o consulta podes comunicarte al email colegiobostonlincoln@gmail.com\u00a0o por mensaje al WhatsApp: 2355516609.<\/p>\n\n\n\n<iframe src=\"https:\/\/www.google.com\/maps\/embed?pb=!1m18!1m12!1m3!1d1157.406261638669!2d-61.532950549478684!3d-34.86529045219013!2m3!1f0!2f0!3f0!3m2!1i1024!2i768!4f13.1!3m3!1m2!1s0x95c7435f1f91e961%3A0x2f8937230ee40b49!2sAv.%2025%20de%20Mayo%20273%2C%20Lincoln%2C%20Provincia%20de%20Buenos%20Aires!5e0!3m2!1ses-419!2sar!4v1645552227193!5m2!1ses-419!2sar\" width=\"600\" height=\"450\" style=\"border:0;\" allowfullscreen=\"\" loading=\"lazy\"><\/iframe>\n\n\n\n<p><\/p>\n","protected":false},"excerpt":{"rendered":"<p>Atenci\u00f3n de secretar\u00eda Atenci\u00f3n presencial: de lunes a viernes de 9:30 a 12 hs y de 15 a 20 hs. Por cualquier duda o consulta podes comunicarte al email colegiobostonlincoln@gmail.com\u00a0o por mensaje al WhatsApp: 2355516609.<\/p>\n","protected":false},"author":3,"featured_media":0,"parent":0,"menu_order":0,"comment_status":"closed","ping_status":"closed","template":"","meta":{"footnotes":""},"class_list":["post-32","page","type-page","status-publish","hentry"],"_links":{"self":[{"href":"https:\/\/colegioboston.com.ar\/lincoln\/wp-json\/wp\/v2\/pages\/32","targetHints":{"allow":["GET"]}}],"collection":[{"href":"https:\/\/colegioboston.com.ar\/lincoln\/wp-json\/wp\/v2\/pages"}],"about":[{"href":"https:\/\/colegioboston.com.ar\/lincoln\/wp-json\/wp\/v2\/types\/page"}],"author":[{"embeddable":true,"href":"https:\/\/colegioboston.com.ar\/lincoln\/wp-json\/wp\/v2\/users\/3"}],"replies":[{"embeddable":true,"href":"https:\/\/colegioboston.com.ar\/lincoln\/wp-json\/wp\/v2\/comments?post=32"}],"version-history":[{"count":5,"href":"https:\/\/colegioboston.com.ar\/lincoln\/wp-json\/wp\/v2\/pages\/32\/revisions"}],"predecessor-version":[{"id":591,"href":"https:\/\/colegioboston.com.ar\/lincoln\/wp-json\/wp\/v2\/pages\/32\/revisions\/591"}],"wp:attachment":[{"href":"https:\/\/colegioboston.com.ar\/lincoln\/wp-json\/wp\/v2\/media?parent=32"}],"curies":[{"name":"wp","href":"https:\/\/api.w.org\/{rel}","templated":true}]}}