{"id":30,"date":"2021-01-26T19:24:48","date_gmt":"2021-01-26T19:24:48","guid":{"rendered":"http:\/\/localhost\/boston\/?page_id=30"},"modified":"2025-02-04T13:23:38","modified_gmt":"2025-02-04T13:23:38","slug":"nuestros-cursos","status":"publish","type":"page","link":"https:\/\/colegioboston.com.ar\/lincoln\/nuestros-cursos\/","title":{"rendered":"Cursos"},"content":{"rendered":"\n<p>Contamos con cursos regulares desde los 6 a\u00f1os de edad (1er grado de primaria), con grupos reducidos (m\u00e1ximo 10 alumnos).<\/p>\n\n\n\n<p>Todos nuestros cursos son anuales con evaluaci\u00f3n final.<\/p>\n\n\n\n<p>Se trabaja con las \u00faltimas tendencias metodol\u00f3gicas en el aprendizaje de la lengua inglesa. Incorporamos recursos tecnol\u00f3gicos a las clases para volverlas m\u00e1s interactivas y din\u00e1micas. Utilizamos el material publicado por las principales editoriales y se complementa con actividades Online desde Google Classroom.<\/p>\n\n\n\n<p class=\"has-large-font-size\"><a href=\"https:\/\/colegioboston.com.ar\/lincoln\/nuestros-cursos\/ninos\/\" data-type=\"URL\" data-id=\"https:\/\/colegioboston.com.ar\/lincoln\/nuestros-cursos\/ninos\/\">Ni\u00f1os<\/a><\/p>\n\n\n\n<p class=\"has-large-font-size\"><a href=\"https:\/\/colegioboston.com.ar\/lincoln\/pre-adolescentes-2\/\" data-type=\"URL\" data-id=\"https:\/\/colegioboston.com.ar\/lincoln\/pre-adolescentes-2\/\">Pre adolescentes<\/a><\/p>\n\n\n\n<p class=\"has-large-font-size\"><a href=\"https:\/\/colegioboston.com.ar\/lincoln\/nuestros-cursos\/adolescentes\/\">Adolescentes<\/a><\/p>\n\n\n\n<p><\/p>\n","protected":false},"excerpt":{"rendered":"<p>Contamos con cursos regulares desde los 6 a\u00f1os de edad (1er grado de primaria), con grupos reducidos (m\u00e1ximo 10 alumnos). Todos nuestros cursos son anuales con evaluaci\u00f3n final. Se trabaja con las \u00faltimas tendencias metodol\u00f3gicas en el aprendizaje de la lengua inglesa. Incorporamos recursos tecnol\u00f3gicos a las clases para volverlas m\u00e1s interactivas y din\u00e1micas. Utilizamos [&hellip;]<\/p>\n","protected":false},"author":3,"featured_media":609,"parent":0,"menu_order":0,"comment_status":"closed","ping_status":"closed","template":"","meta":{"footnotes":""},"class_list":["post-30","page","type-page","status-publish","has-post-thumbnail","hentry"],"_links":{"self":[{"href":"https:\/\/colegioboston.com.ar\/lincoln\/wp-json\/wp\/v2\/pages\/30","targetHints":{"allow":["GET"]}}],"collection":[{"href":"https:\/\/colegioboston.com.ar\/lincoln\/wp-json\/wp\/v2\/pages"}],"about":[{"href":"https:\/\/colegioboston.com.ar\/lincoln\/wp-json\/wp\/v2\/types\/page"}],"author":[{"embeddable":true,"href":"https:\/\/colegioboston.com.ar\/lincoln\/wp-json\/wp\/v2\/users\/3"}],"replies":[{"embeddable":true,"href":"https:\/\/colegioboston.com.ar\/lincoln\/wp-json\/wp\/v2\/comments?post=30"}],"version-history":[{"count":4,"href":"https:\/\/colegioboston.com.ar\/lincoln\/wp-json\/wp\/v2\/pages\/30\/revisions"}],"predecessor-version":[{"id":600,"href":"https:\/\/colegioboston.com.ar\/lincoln\/wp-json\/wp\/v2\/pages\/30\/revisions\/600"}],"wp:featuredmedia":[{"embeddable":true,"href":"https:\/\/colegioboston.com.ar\/lincoln\/wp-json\/wp\/v2\/media\/609"}],"wp:attachment":[{"href":"https:\/\/colegioboston.com.ar\/lincoln\/wp-json\/wp\/v2\/media?parent=30"}],"curies":[{"name":"wp","href":"https:\/\/api.w.org\/{rel}","templated":true}]}}