{"id":28,"date":"2021-01-26T19:24:39","date_gmt":"2021-01-26T19:24:39","guid":{"rendered":"http:\/\/localhost\/boston\/?page_id=28"},"modified":"2025-02-04T13:24:37","modified_gmt":"2025-02-04T13:24:37","slug":"el-colegio","status":"publish","type":"page","link":"https:\/\/colegioboston.com.ar\/lincoln\/el-colegio\/","title":{"rendered":"Acerca del Colegio"},"content":{"rendered":"\n<p>Fundado en 1977 por las Profesoras Martha Petraglia y L\u00eddia Mart\u00ednez, desde entonces a la vanguardia y dedic\u00e1ndonos exclusivamente a la ense\u00f1anza de ingl\u00e9s.<\/p>\n\n\n\n<p>Desde entonces hemos tenido como misi\u00f3n lograr que nuestros alumnos aprendan el idioma comprendiendo que el ingl\u00e9s es una&nbsp;herramienta fundamental que les permitir\u00e1 interactuar, comunicarse y desenvolverse en su futuro personal y profesional. Siempre con el convencimiento de que dominar una segunda lengua es una realidad y una necesidad insoslayable.<\/p>\n\n\n\n<p>Contamos con un grupo docente con experiencia acad\u00e9mica a cargo de la Prof. Adriana Costa.Hemos sabido adaptarnos a los cambios incorporando las \u00faltimas tendencias tecnol\u00f3gicas.<\/p>\n\n\n\n<p>Estos son algunos datos que avalan nuestra trayectoria:<\/p>\n\n\n\n<figure class=\"wp-block-image size-large is-resized is-style-default\"><img loading=\"lazy\" decoding=\"async\" width=\"117\" height=\"117\" src=\"http:\/\/colegioboston.com.ar\/lincoln\/wp-content\/uploads\/2021\/02\/1.jpg\" alt=\"\" class=\"wp-image-318\" style=\"width:59px;height:59px\"\/><figcaption class=\"wp-element-caption\">1977 &#8211; FUNDACI\u00d3N<\/figcaption><\/figure>\n\n\n\n<figure class=\"wp-block-image size-large is-resized is-style-default\"><img loading=\"lazy\" decoding=\"async\" width=\"117\" height=\"117\" src=\"http:\/\/colegioboston.com.ar\/lincoln\/wp-content\/uploads\/2021\/02\/2.jpg\" alt=\"\" class=\"wp-image-322\" style=\"width:62px;height:62px\"\/><figcaption class=\"wp-element-caption\">48 A\u00d1OS en Lincoln.<\/figcaption><\/figure>\n\n\n\n<figure class=\"wp-block-image size-large is-resized is-style-default\"><img loading=\"lazy\" decoding=\"async\" width=\"117\" height=\"117\" src=\"http:\/\/colegioboston.com.ar\/lincoln\/wp-content\/uploads\/2021\/02\/3.jpg\" alt=\"\" class=\"wp-image-323\" style=\"width:59px;height:59px\"\/><figcaption class=\"wp-element-caption\">PROFESORES ADSCRIPTOS en Lincoln y la zona.<\/figcaption><\/figure>\n\n\n\n<figure class=\"wp-block-image size-large is-resized is-style-default\"><img loading=\"lazy\" decoding=\"async\" width=\"117\" height=\"117\" src=\"http:\/\/colegioboston.com.ar\/lincoln\/wp-content\/uploads\/2021\/02\/4.jpg\" alt=\"\" class=\"wp-image-324\" style=\"width:59px;height:59px\"\/><figcaption class=\"wp-element-caption\">+700 ALUMNOS<\/figcaption><\/figure>\n\n\n\n<figure class=\"wp-block-image size-large is-resized is-style-default\"><img loading=\"lazy\" decoding=\"async\" width=\"117\" height=\"117\" src=\"http:\/\/colegioboston.com.ar\/lincoln\/wp-content\/uploads\/2021\/02\/6.jpg\" alt=\"\" class=\"wp-image-325\" style=\"width:59px;height:59px\"\/><figcaption class=\"wp-element-caption\">EXAMENES CAMBRIDGE<\/figcaption><\/figure>\n\n\n\n<figure class=\"wp-block-image size-large is-resized is-style-default\"><img decoding=\"async\" src=\"http:\/\/colegioboston.com.ar\/lincoln\/wp-content\/uploads\/2021\/02\/5.jpg\" alt=\"\" class=\"wp-image-326\" style=\"width:59px;height:59px\"\/><figcaption class=\"wp-element-caption\">VIAJES EDUCATIVOS a Londres.<\/figcaption><\/figure>\n\n\n\n<p><\/p>\n","protected":false},"excerpt":{"rendered":"<p>Fundado en 1977 por las Profesoras Martha Petraglia y L\u00eddia Mart\u00ednez, desde entonces a la vanguardia y dedic\u00e1ndonos exclusivamente a la ense\u00f1anza de ingl\u00e9s. Desde entonces hemos tenido como misi\u00f3n lograr que nuestros alumnos aprendan el idioma comprendiendo que el ingl\u00e9s es una&nbsp;herramienta fundamental que les permitir\u00e1 interactuar, comunicarse y desenvolverse en su futuro personal [&hellip;]<\/p>\n","protected":false},"author":3,"featured_media":610,"parent":0,"menu_order":0,"comment_status":"closed","ping_status":"closed","template":"","meta":{"footnotes":""},"class_list":["post-28","page","type-page","status-publish","has-post-thumbnail","hentry"],"_links":{"self":[{"href":"https:\/\/colegioboston.com.ar\/lincoln\/wp-json\/wp\/v2\/pages\/28","targetHints":{"allow":["GET"]}}],"collection":[{"href":"https:\/\/colegioboston.com.ar\/lincoln\/wp-json\/wp\/v2\/pages"}],"about":[{"href":"https:\/\/colegioboston.com.ar\/lincoln\/wp-json\/wp\/v2\/types\/page"}],"author":[{"embeddable":true,"href":"https:\/\/colegioboston.com.ar\/lincoln\/wp-json\/wp\/v2\/users\/3"}],"replies":[{"embeddable":true,"href":"https:\/\/colegioboston.com.ar\/lincoln\/wp-json\/wp\/v2\/comments?post=28"}],"version-history":[{"count":7,"href":"https:\/\/colegioboston.com.ar\/lincoln\/wp-json\/wp\/v2\/pages\/28\/revisions"}],"predecessor-version":[{"id":611,"href":"https:\/\/colegioboston.com.ar\/lincoln\/wp-json\/wp\/v2\/pages\/28\/revisions\/611"}],"wp:featuredmedia":[{"embeddable":true,"href":"https:\/\/colegioboston.com.ar\/lincoln\/wp-json\/wp\/v2\/media\/610"}],"wp:attachment":[{"href":"https:\/\/colegioboston.com.ar\/lincoln\/wp-json\/wp\/v2\/media?parent=28"}],"curies":[{"name":"wp","href":"https:\/\/api.w.org\/{rel}","templated":true}]}}