{"id":134,"date":"2021-02-15T17:50:41","date_gmt":"2021-02-15T17:50:41","guid":{"rendered":"http:\/\/181.170.93.142\/boston\/?page_id=134"},"modified":"2022-04-12T15:43:25","modified_gmt":"2022-04-12T15:43:25","slug":"adolescentes","status":"publish","type":"page","link":"https:\/\/colegioboston.com.ar\/lincoln\/nuestros-cursos\/adolescentes\/","title":{"rendered":"Adolescentes"},"content":{"rendered":"\n<h3 class=\"wp-block-heading\" id=\"adolescentes-de-12-a-18-anos\">ADOLESCENTES<\/h3>\n\n\n\n<p id=\"block-d3668eb3-75c3-4a3a-8db4-a8ef848828b4\">Nuestras clases son dictadas \u00edntegramente en ingl\u00e9s. Desarrollamos las cuatro habilidades del lenguaje: habla, lectura, escritura y comprensi\u00f3n auditiva. Realizamos actividades grupales y proyectos adaptados a los intereses de los alumnos.&nbsp;<\/p>\n\n\n\n<p id=\"block-77e95a1d-f8bd-4192-8f61-f653f1390481\">Creemos que el aval de un examen internacional para acreditar el nivel de idioma es indispensable, por lo tanto, preparamos a nuestros alumnos para rendir los ex\u00e1menes de la Universidad Cambridge.&nbsp;<\/p>\n\n\n\n<h5 class=\"wp-block-heading\" id=\"block-d0847499-24f2-41e1-aa53-2eebbcf3aad2\"><strong>1st INTERMEDIATE \/ 2nd INTERMEDIATE<\/strong><\/h5>\n\n\n\n<p id=\"block-d0847499-24f2-41e1-aa53-2eebbcf3aad2\">Carga horaria: 3 hs semanales.<\/p>\n\n\n\n<p id=\"block-d0847499-24f2-41e1-aa53-2eebbcf3aad2\">Examen Cambridge PET: (opcional)<\/p>\n\n\n\n<h5 class=\"wp-block-heading\" id=\"block-7edadd13-17fc-4ace-85b4-30eeebe29eb7\"><strong>SUPERIOR<\/strong><\/h5>\n\n\n\n<p id=\"block-7edadd13-17fc-4ace-85b4-30eeebe29eb7\">Carga horaria: 3 hs semanales.<\/p>\n\n\n\n<h5 class=\"wp-block-heading\" id=\"block-fe39beba-bc87-4193-85c7-4f066165709e\">Examen Cambridge PET \/ FCE<\/h5>\n\n\n\n<p id=\"block-fe39beba-bc87-4193-85c7-4f066165709e\"><\/p>\n","protected":false},"excerpt":{"rendered":"<p>ADOLESCENTES Nuestras clases son dictadas \u00edntegramente en ingl\u00e9s. Desarrollamos las cuatro habilidades del lenguaje: habla, lectura, escritura y comprensi\u00f3n auditiva. Realizamos actividades grupales y proyectos adaptados a los intereses de los alumnos.&nbsp; Creemos que el aval de un examen internacional para acreditar el nivel de idioma es indispensable, por lo tanto, preparamos a nuestros alumnos [&hellip;]<\/p>\n","protected":false},"author":3,"featured_media":0,"parent":30,"menu_order":1,"comment_status":"closed","ping_status":"closed","template":"","meta":{"footnotes":""},"class_list":["post-134","page","type-page","status-publish","hentry"],"_links":{"self":[{"href":"https:\/\/colegioboston.com.ar\/lincoln\/wp-json\/wp\/v2\/pages\/134","targetHints":{"allow":["GET"]}}],"collection":[{"href":"https:\/\/colegioboston.com.ar\/lincoln\/wp-json\/wp\/v2\/pages"}],"about":[{"href":"https:\/\/colegioboston.com.ar\/lincoln\/wp-json\/wp\/v2\/types\/page"}],"author":[{"embeddable":true,"href":"https:\/\/colegioboston.com.ar\/lincoln\/wp-json\/wp\/v2\/users\/3"}],"replies":[{"embeddable":true,"href":"https:\/\/colegioboston.com.ar\/lincoln\/wp-json\/wp\/v2\/comments?post=134"}],"version-history":[{"count":4,"href":"https:\/\/colegioboston.com.ar\/lincoln\/wp-json\/wp\/v2\/pages\/134\/revisions"}],"predecessor-version":[{"id":584,"href":"https:\/\/colegioboston.com.ar\/lincoln\/wp-json\/wp\/v2\/pages\/134\/revisions\/584"}],"up":[{"embeddable":true,"href":"https:\/\/colegioboston.com.ar\/lincoln\/wp-json\/wp\/v2\/pages\/30"}],"wp:attachment":[{"href":"https:\/\/colegioboston.com.ar\/lincoln\/wp-json\/wp\/v2\/media?parent=134"}],"curies":[{"name":"wp","href":"https:\/\/api.w.org\/{rel}","templated":true}]}}